{"id":7987,"date":"2024-02-22T15:01:53","date_gmt":"2024-02-22T11:31:53","guid":{"rendered":"https:\/\/graypan.com\/en\/?page_id=7987"},"modified":"2024-03-15T20:49:58","modified_gmt":"2024-03-15T17:19:58","slug":"about-us","status":"publish","type":"page","link":"https:\/\/graypan.com\/de\/about-us\/","title":{"rendered":"\u00dcber uns"},"content":{"rendered":"<section class=\"l-section wpb_row height_medium\"><div class=\"l-section-h i-cf\"><div class=\"g-cols vc_row via_flex valign_middle type_default reversed stacking_default\"><div class=\"vc_col-sm-6 wpb_column vc_column_container\"><div class=\"vc_column-inner us_custom_7e20fa79 us_animate_this\"><div class=\"wpb_wrapper\"><div class=\"w-image align_center\"><div class=\"w-image-h\"><img loading=\"lazy\" decoding=\"async\" width=\"645\" height=\"627\" src=\"https:\/\/graypan.com\/de\/wp-content\/uploads\/2024\/02\/about-us-gray.webp\" class=\"attachment-full size-full\" alt=\"\" srcset=\"https:\/\/graypan.com\/de\/wp-content\/uploads\/2024\/02\/about-us-gray.webp 645w, https:\/\/graypan.com\/de\/wp-content\/uploads\/2024\/02\/about-us-gray-300x292.webp 300w, https:\/\/graypan.com\/de\/wp-content\/uploads\/2024\/02\/about-us-gray-600x583.webp 600w\" sizes=\"(max-width: 645px) 100vw, 645px\" \/><\/div><\/div><\/div><\/div><\/div><div class=\"vc_col-sm-6 wpb_column vc_column_container\"><div class=\"vc_column-inner\"><div class=\"wpb_wrapper\"><div class=\"w-text us_custom_18f2a7f5 has_text_color\"><span class=\"w-text-h\"><span class=\"w-text-value\">\u00dcber uns<\/span><\/span><\/div><div class=\"w-separator size_small\"><\/div><div class=\"wpb_text_column us_custom_c37c53f4 has_text_color\"><div class=\"wpb_wrapper\"><p style=\"text-align: justify;\">Genuss beginnt nicht mit dem Essen einer exquisiten Mahlzeit oder dem Trinken eines k\u00f6stlichen Getr\u00e4nks. Auch das Zubereiten und Kochen soll ein s\u00e4ttigendes und genussvolles Erlebnis sein. Deshalb bietet Graypan Gourmet-Produkte an, die ebenso formsch\u00f6n wie funktional sind \u2013 und die f\u00fcr Qualit\u00e4t, kulinarischen Genuss und Lebensfreude stehen.<\/p>\n<p style=\"text-align: justify;\">\u00c4sthetik mit Funktion<br \/>\nOb K\u00fcchenmesser und Besteck, T\u00f6pfe und Bratpfannen oder Elektrokleinger\u00e4te: Unsere Produkte \u00fcberzeugen durch hochwertige Materialien, anspruchsvolles Design und eine einzigartige Optik. Sie machen jeden Schritt zu einem Gourmet-Moment und machen Vorbereiten, Kochen, Essen und Trinken zu individuell perfekten Momenten. Dabei verfeinern sie nicht nur die Mahlzeiten selbst, sondern verfeinern auch die Zubereitung der Speisen. Und das schon seit einiger Zeit: Graypan-Produkte werden nach h\u00f6chsten Qualit\u00e4tsstandards hergestellt, sodass sie extrem lange zuverl\u00e4ssig bleiben und sch\u00f6n aussehen.<\/p>\n<\/div><\/div><\/div><\/div><\/div><\/div><\/div><\/section><section class=\"l-section wpb_row us_custom_c7d56e31 height_medium\"><div class=\"l-section-h i-cf\"><div class=\"g-cols vc_row via_flex valign_middle type_default stacking_default\"><div class=\"vc_col-sm-6 wpb_column vc_column_container\"><div class=\"vc_column-inner\"><div class=\"wpb_wrapper\"><div class=\"wpb_text_column us_custom_4cbe4536 has_text_color\"><div class=\"wpb_wrapper\"><p>GrayPan ist anders<\/p>\n<p>Erfahrung&#8230;<\/p>\n<\/div><\/div><\/div><\/div><\/div><div class=\"vc_col-sm-6 wpb_column vc_column_container\"><div class=\"vc_column-inner\"><div class=\"wpb_wrapper\"><\/div><\/div><\/div><\/div><\/div><\/section><section class=\"l-section wpb_row us_custom_6451875a height_medium\"><div class=\"l-section-h i-cf\"><div class=\"g-cols vc_row via_flex valign_top type_default stacking_default\"><div class=\"vc_col-sm-6 wpb_column vc_column_container\"><div class=\"vc_column-inner\"><div class=\"wpb_wrapper\"><\/div><\/div><\/div><div class=\"vc_col-sm-6 wpb_column vc_column_container\"><div class=\"vc_column-inner\"><div class=\"wpb_wrapper\"><div class=\"w-image align_center\"><div class=\"w-image-h\"><img loading=\"lazy\" decoding=\"async\" width=\"654\" height=\"735\" src=\"https:\/\/graypan.com\/de\/wp-content\/uploads\/2024\/02\/knife.webp\" class=\"attachment-full size-full\" alt=\"\" srcset=\"https:\/\/graypan.com\/de\/wp-content\/uploads\/2024\/02\/knife.webp 654w, https:\/\/graypan.com\/de\/wp-content\/uploads\/2024\/02\/knife-267x300.webp 267w, https:\/\/graypan.com\/de\/wp-content\/uploads\/2024\/02\/knife-600x674.webp 600w\" sizes=\"(max-width: 654px) 100vw, 654px\" \/><\/div><\/div><\/div><\/div><\/div><\/div><\/div><\/section>\n","protected":false},"excerpt":{"rendered":"\u00dcber unsGenuss beginnt nicht mit dem Essen einer exquisiten Mahlzeit oder dem Trinken eines k\u00f6stlichen Getr\u00e4nks. Auch das Zubereiten und Kochen soll ein s\u00e4ttigendes und genussvolles Erlebnis sein. Deshalb bietet Graypan Gourmet-Produkte an, die ebenso formsch\u00f6n wie funktional sind \u2013 und die f\u00fcr Qualit\u00e4t, kulinarischen Genuss und Lebensfreude stehen. \u00c4sthetik mit Funktion Ob K\u00fcchenmesser und...","protected":false},"author":11,"featured_media":0,"parent":0,"menu_order":0,"comment_status":"closed","ping_status":"closed","template":"","meta":{"footnotes":""},"_links":{"self":[{"href":"https:\/\/graypan.com\/de\/wp-json\/wp\/v2\/pages\/7987"}],"collection":[{"href":"https:\/\/graypan.com\/de\/wp-json\/wp\/v2\/pages"}],"about":[{"href":"https:\/\/graypan.com\/de\/wp-json\/wp\/v2\/types\/page"}],"author":[{"embeddable":true,"href":"https:\/\/graypan.com\/de\/wp-json\/wp\/v2\/users\/11"}],"replies":[{"embeddable":true,"href":"https:\/\/graypan.com\/de\/wp-json\/wp\/v2\/comments?post=7987"}],"version-history":[{"count":10,"href":"https:\/\/graypan.com\/de\/wp-json\/wp\/v2\/pages\/7987\/revisions"}],"predecessor-version":[{"id":8339,"href":"https:\/\/graypan.com\/de\/wp-json\/wp\/v2\/pages\/7987\/revisions\/8339"}],"wp:attachment":[{"href":"https:\/\/graypan.com\/de\/wp-json\/wp\/v2\/media?parent=7987"}],"curies":[{"name":"wp","href":"https:\/\/api.w.org\/{rel}","templated":true}]}}